{"id":219,"date":"2025-11-19T16:18:49","date_gmt":"2025-11-19T16:18:49","guid":{"rendered":"https:\/\/ibericoscaozo.com\/?post_type=product&#038;p=219"},"modified":"2026-03-25T13:12:53","modified_gmt":"2026-03-25T13:12:53","slug":"jamon-brida-verde-100-iberico-cebo-de-campo-loncheado","status":"publish","type":"product","link":"https:\/\/ibericoscaozo.com\/index.php\/producto\/jamon-brida-verde-100-iberico-cebo-de-campo-loncheado\/","title":{"rendered":"Jam\u00f3n Brida Verde 50% Ib\u00e9rico Cebo de Campo (Loncheado)"},"content":{"rendered":"<p data-start=\"0\" data-end=\"85\">\u00a1Irresistible combinaci\u00f3n! Exquisito Jam\u00f3n de Cebo de Campo Ib\u00e9rico 50% Raza Ib\u00e9rica.<\/p>\n<p data-start=\"87\" data-end=\"363\">Un producto ib\u00e9rico cuya curaci\u00f3n dura entre 24 y 36 meses, dando lugar a piezas de gran sabor, equilibrado y lleno de matices. La etiqueta verde garantiza su procedencia de cerdos ib\u00e9ricos alimentados con cereales de alta calidad. Cada pieza tiene un peso aproximado de 8 kg.<\/p>\n<p data-start=\"365\" data-end=\"564\">Loncheado cuidadosamente por un alumno de campe\u00f3n de Espa\u00f1a de loncheo, logrando cortes finos que realzan su textura y potencian todo su aroma. Envasado al vac\u00edo para conservar su frescura y calidad.<\/p>\n<p data-start=\"566\" data-end=\"663\" data-is-last-node=\"\" data-is-only-node=\"\">\u00daNICO JAM\u00d3N recomendado por Mart\u00edn Berasategui. 9 estrellas Michelin no pueden estar equivocadas.<\/p>\n","protected":false},"excerpt":{"rendered":"<p>\u00a1Irresistible combinaci\u00f3n! Exquisito Jam\u00f3n de Cebo de Campo Ib\u00e9rico 50% Raza Ib\u00e9rica. Un producto ib\u00e9rico cuya curaci\u00f3n dura entre 24 [&hellip;]<\/p>\n","protected":false},"featured_media":355,"comment_status":"open","ping_status":"closed","template":"","meta":{"site-sidebar-layout":"default","site-content-layout":"","ast-site-content-layout":"default","site-content-style":"default","site-sidebar-style":"default","ast-global-header-display":"","ast-banner-title-visibility":"","ast-main-header-display":"","ast-hfb-above-header-display":"","ast-hfb-below-header-display":"","ast-hfb-mobile-header-display":"","site-post-title":"","ast-breadcrumbs-content":"","ast-featured-img":"","footer-sml-layout":"","ast-disable-related-posts":"","theme-transparent-header-meta":"default","adv-header-id-meta":"","stick-header-meta":"","header-above-stick-meta":"","header-main-stick-meta":"","header-below-stick-meta":"","astra-migrate-meta-layouts":"set","ast-page-background-enabled":"default","ast-page-background-meta":{"desktop":{"background-color":"var(--ast-global-color-5)","background-image":"","background-repeat":"repeat","background-position":"center center","background-size":"auto","background-attachment":"scroll","background-type":"","background-media":"","overlay-type":"","overlay-color":"","overlay-opacity":"","overlay-gradient":""},"tablet":{"background-color":"","background-image":"","background-repeat":"repeat","background-position":"center center","background-size":"auto","background-attachment":"scroll","background-type":"","background-media":"","overlay-type":"","overlay-color":"","overlay-opacity":"","overlay-gradient":""},"mobile":{"background-color":"","background-image":"","background-repeat":"repeat","background-position":"center center","background-size":"auto","background-attachment":"scroll","background-type":"","background-media":"","overlay-type":"","overlay-color":"","overlay-opacity":"","overlay-gradient":""}},"ast-content-background-meta":{"desktop":{"background-color":"var(--ast-global-color-4)","background-image":"","background-repeat":"repeat","background-position":"center center","background-size":"auto","background-attachment":"scroll","background-type":"","background-media":"","overlay-type":"","overlay-color":"","overlay-opacity":"","overlay-gradient":""},"tablet":{"background-color":"var(--ast-global-color-4)","background-image":"","background-repeat":"repeat","background-position":"center center","background-size":"auto","background-attachment":"scroll","background-type":"","background-media":"","overlay-type":"","overlay-color":"","overlay-opacity":"","overlay-gradient":""},"mobile":{"background-color":"var(--ast-global-color-4)","background-image":"","background-repeat":"repeat","background-position":"center center","background-size":"auto","background-attachment":"scroll","background-type":"","background-media":"","overlay-type":"","overlay-color":"","overlay-opacity":"","overlay-gradient":""}}},"product_brand":[],"product_cat":[22],"product_tag":[],"class_list":{"0":"post-219","1":"product","2":"type-product","3":"status-publish","4":"has-post-thumbnail","6":"product_cat-jamones-loncheados","7":"desktop-align-left","8":"tablet-align-left","9":"mobile-align-left","11":"first","12":"instock","13":"taxable","14":"shipping-taxable","15":"purchasable","16":"product-type-simple"},"_links":{"self":[{"href":"https:\/\/ibericoscaozo.com\/index.php\/wp-json\/wp\/v2\/product\/219","targetHints":{"allow":["GET"]}}],"collection":[{"href":"https:\/\/ibericoscaozo.com\/index.php\/wp-json\/wp\/v2\/product"}],"about":[{"href":"https:\/\/ibericoscaozo.com\/index.php\/wp-json\/wp\/v2\/types\/product"}],"replies":[{"embeddable":true,"href":"https:\/\/ibericoscaozo.com\/index.php\/wp-json\/wp\/v2\/comments?post=219"}],"wp:featuredmedia":[{"embeddable":true,"href":"https:\/\/ibericoscaozo.com\/index.php\/wp-json\/wp\/v2\/media\/355"}],"wp:attachment":[{"href":"https:\/\/ibericoscaozo.com\/index.php\/wp-json\/wp\/v2\/media?parent=219"}],"wp:term":[{"taxonomy":"product_brand","embeddable":true,"href":"https:\/\/ibericoscaozo.com\/index.php\/wp-json\/wp\/v2\/product_brand?post=219"},{"taxonomy":"product_cat","embeddable":true,"href":"https:\/\/ibericoscaozo.com\/index.php\/wp-json\/wp\/v2\/product_cat?post=219"},{"taxonomy":"product_tag","embeddable":true,"href":"https:\/\/ibericoscaozo.com\/index.php\/wp-json\/wp\/v2\/product_tag?post=219"}],"curies":[{"name":"wp","href":"https:\/\/api.w.org\/{rel}","templated":true}]}}