{"id":216,"date":"2025-11-19T16:11:06","date_gmt":"2025-11-19T16:11:06","guid":{"rendered":"https:\/\/ibericoscaozo.com\/?post_type=product&#038;p=216"},"modified":"2026-03-25T13:14:56","modified_gmt":"2026-03-25T13:14:56","slug":"jamon-brida-negra-bellota-100-iberico-loncheado","status":"publish","type":"product","link":"https:\/\/ibericoscaozo.com\/index.php\/producto\/jamon-brida-negra-bellota-100-iberico-loncheado\/","title":{"rendered":"Jam\u00f3n Brida Negra Bellota 100% Iberico (Loncheado)"},"content":{"rendered":"<p data-start=\"0\" data-end=\"79\">Nombrado MEJOR JAM\u00d3N IB\u00c9RICO DE ESPA\u00d1A 2022 en los Premios Alimentos de Espa\u00f1a.<\/p>\n<p data-start=\"81\" data-end=\"305\">El Jam\u00f3n de Bellota 100% Ib\u00e9rico es el m\u00e1s antiguo de la bodega, con una curaci\u00f3n natural de entre 36 y 48 meses, lo que le confiere un sabor profundo, intenso y lleno de matices. Cada pieza tiene un peso aproximado de 8 kg.<\/p>\n<p data-start=\"307\" data-end=\"540\">Loncheado cuidadosamente por un alumno de campe\u00f3n de Espa\u00f1a de corte de jam\u00f3n, logrando lonchas finas y precisas que realzan su textura, aroma y experiencia de degustaci\u00f3n. Envasado al vac\u00edo para conservar toda su calidad y frescura.<\/p>\n<p data-start=\"542\" data-end=\"640\">\u00daNICO JAM\u00d3N recomendado por MART\u00cdN BERASATEGUI. 11 estrellas Michelin no pueden estar equivocadas.<\/p>\n<p data-start=\"642\" data-end=\"799\">Y recientemente elegido MEJOR JAM\u00d3N IB\u00c9RICO DE ESPA\u00d1A en los Premios Alimentos de Espa\u00f1a 2022 que convoca el Ministerio de Agricultura, Pesca y Alimentaci\u00f3n.<\/p>\n","protected":false},"excerpt":{"rendered":"<p>Nombrado MEJOR JAM\u00d3N IB\u00c9RICO DE ESPA\u00d1A 2022 en los Premios Alimentos de Espa\u00f1a. El Jam\u00f3n de Bellota 100% Ib\u00e9rico es [&hellip;]<\/p>\n","protected":false},"featured_media":352,"comment_status":"open","ping_status":"closed","template":"","meta":{"site-sidebar-layout":"default","site-content-layout":"","ast-site-content-layout":"default","site-content-style":"default","site-sidebar-style":"default","ast-global-header-display":"","ast-banner-title-visibility":"","ast-main-header-display":"","ast-hfb-above-header-display":"","ast-hfb-below-header-display":"","ast-hfb-mobile-header-display":"","site-post-title":"","ast-breadcrumbs-content":"","ast-featured-img":"","footer-sml-layout":"","ast-disable-related-posts":"","theme-transparent-header-meta":"default","adv-header-id-meta":"","stick-header-meta":"","header-above-stick-meta":"","header-main-stick-meta":"","header-below-stick-meta":"","astra-migrate-meta-layouts":"set","ast-page-background-enabled":"default","ast-page-background-meta":{"desktop":{"background-color":"var(--ast-global-color-5)","background-image":"","background-repeat":"repeat","background-position":"center center","background-size":"auto","background-attachment":"scroll","background-type":"","background-media":"","overlay-type":"","overlay-color":"","overlay-opacity":"","overlay-gradient":""},"tablet":{"background-color":"","background-image":"","background-repeat":"repeat","background-position":"center center","background-size":"auto","background-attachment":"scroll","background-type":"","background-media":"","overlay-type":"","overlay-color":"","overlay-opacity":"","overlay-gradient":""},"mobile":{"background-color":"","background-image":"","background-repeat":"repeat","background-position":"center center","background-size":"auto","background-attachment":"scroll","background-type":"","background-media":"","overlay-type":"","overlay-color":"","overlay-opacity":"","overlay-gradient":""}},"ast-content-background-meta":{"desktop":{"background-color":"var(--ast-global-color-4)","background-image":"","background-repeat":"repeat","background-position":"center center","background-size":"auto","background-attachment":"scroll","background-type":"","background-media":"","overlay-type":"","overlay-color":"","overlay-opacity":"","overlay-gradient":""},"tablet":{"background-color":"var(--ast-global-color-4)","background-image":"","background-repeat":"repeat","background-position":"center center","background-size":"auto","background-attachment":"scroll","background-type":"","background-media":"","overlay-type":"","overlay-color":"","overlay-opacity":"","overlay-gradient":""},"mobile":{"background-color":"var(--ast-global-color-4)","background-image":"","background-repeat":"repeat","background-position":"center center","background-size":"auto","background-attachment":"scroll","background-type":"","background-media":"","overlay-type":"","overlay-color":"","overlay-opacity":"","overlay-gradient":""}}},"product_brand":[],"product_cat":[22],"product_tag":[],"class_list":{"0":"post-216","1":"product","2":"type-product","3":"status-publish","4":"has-post-thumbnail","6":"product_cat-jamones-loncheados","7":"desktop-align-left","8":"tablet-align-left","9":"mobile-align-left","11":"first","12":"instock","13":"taxable","14":"shipping-taxable","15":"purchasable","16":"product-type-simple"},"_links":{"self":[{"href":"https:\/\/ibericoscaozo.com\/index.php\/wp-json\/wp\/v2\/product\/216","targetHints":{"allow":["GET"]}}],"collection":[{"href":"https:\/\/ibericoscaozo.com\/index.php\/wp-json\/wp\/v2\/product"}],"about":[{"href":"https:\/\/ibericoscaozo.com\/index.php\/wp-json\/wp\/v2\/types\/product"}],"replies":[{"embeddable":true,"href":"https:\/\/ibericoscaozo.com\/index.php\/wp-json\/wp\/v2\/comments?post=216"}],"wp:featuredmedia":[{"embeddable":true,"href":"https:\/\/ibericoscaozo.com\/index.php\/wp-json\/wp\/v2\/media\/352"}],"wp:attachment":[{"href":"https:\/\/ibericoscaozo.com\/index.php\/wp-json\/wp\/v2\/media?parent=216"}],"wp:term":[{"taxonomy":"product_brand","embeddable":true,"href":"https:\/\/ibericoscaozo.com\/index.php\/wp-json\/wp\/v2\/product_brand?post=216"},{"taxonomy":"product_cat","embeddable":true,"href":"https:\/\/ibericoscaozo.com\/index.php\/wp-json\/wp\/v2\/product_cat?post=216"},{"taxonomy":"product_tag","embeddable":true,"href":"https:\/\/ibericoscaozo.com\/index.php\/wp-json\/wp\/v2\/product_tag?post=216"}],"curies":[{"name":"wp","href":"https:\/\/api.w.org\/{rel}","templated":true}]}}