{"id":148,"date":"2025-10-04T09:40:45","date_gmt":"2025-10-04T09:40:45","guid":{"rendered":"https:\/\/ibericoscaozo.com\/?page_id=148"},"modified":"2025-10-11T09:52:46","modified_gmt":"2025-10-11T09:52:46","slug":"aviso-legal","status":"publish","type":"page","link":"https:\/\/ibericoscaozo.com\/index.php\/aviso-legal\/","title":{"rendered":"AVISO LEGAL"},"content":{"rendered":"\n<div class=\"wp-block-group is-vertical is-content-justification-center is-layout-flex wp-container-core-group-is-layout-b6c1f246 wp-block-group-is-layout-flex\" style=\"min-height:100%\">\n<p class=\"has-text-color has-link-color has-heading-font-family has-x-large-font-size wp-elements-f8636593c3470210a1c28d2e3cf45e8b\" style=\"color:#dfcc63;line-height:1.2\"><strong>Titularidad de la Web<\/strong><\/p>\n\n\n\n<p>En cumplimiento con el deber de informaci\u00f3n recogido en el art\u00edculo 10 de la Ley 34\/2002, de 11 de julio, de Servicios de la Sociedad de la Informaci\u00f3n y del Comercio Electr\u00f3nico (LSSI-CE), se informa que este sitio web es titularidad de:<\/p>\n\n\n\n<ul class=\"wp-block-list\">\n<li><strong>Nombre completo:<\/strong> Amparo Vicente Fern\u00e1ndez<\/li>\n\n\n\n<li><strong>NIF:<\/strong> 76122910V<\/li>\n\n\n\n<li><strong>Correo electr\u00f3nico de contacto:<\/strong> <a>caozoiberico@gmail.com<\/a><\/li>\n\n\n\n<li><strong>Nombre comercial:<\/strong> El Caozo | Gastroteca<\/li>\n\n\n\n<li><strong>URL:<\/strong> <a href=\"https:\/\/ibericoscaozo.com\">https:\/\/ibericoscaozo.com<\/a><\/li>\n\n\n\n<li><strong>Actividad:<\/strong> Venta de productos gourmet.<\/li>\n\n\n\n<li><strong>Direcci\u00f3n:<\/strong> Av. del Valle, 20, 10615 Piornal, C\u00e1ceres<\/li>\n<\/ul>\n\n\n\n<p class=\"has-secondary-color has-text-color has-link-color wp-elements-8507aea06958879ea58bf1ee53fdf2c9\"><strong>Condiciones de uso<\/strong><\/p>\n\n\n\n<p>El acceso y\/o uso de este sitio web atribuye la condici\u00f3n de usuario, que acepta, desde dicho acceso y\/o uso, las presentes condiciones de uso. El usuario se compromete a hacer un uso adecuado de los contenidos y servicios ofrecidos a trav\u00e9s de este sitio web, y con car\u00e1cter enunciativo pero no limitativo, a no emplearlos para:<\/p>\n\n\n\n<ul class=\"wp-block-list\">\n<li>Incurrir en actividades il\u00edcitas, ilegales o contrarias a la buena fe y al orden p\u00fablico.<\/li>\n\n\n\n<li>Provocar da\u00f1os en los sistemas f\u00edsicos y l\u00f3gicos del titular del sitio, de sus proveedores o de terceras personas.<\/li>\n\n\n\n<li>Introducir o difundir virus inform\u00e1ticos o cualesquiera otros sistemas f\u00edsicos o l\u00f3gicos que sean susceptibles de provocar los da\u00f1os anteriormente mencionados.<\/li>\n<\/ul>\n\n\n\n<p class=\"has-secondary-color has-text-color has-link-color wp-elements-1570a5fdfcf79d080b5924d0d9cea150\"><strong>Propiedad intelectual e industrial<\/strong><\/p>\n\n\n\n<p>Todos los contenidos del sitio web, incluyendo a t\u00edtulo enunciativo textos, im\u00e1genes, gr\u00e1ficos, dise\u00f1os, marcas, logotipos, archivos de software, combinaciones de colores, as\u00ed como la estructura, selecci\u00f3n, ordenaci\u00f3n y presentaci\u00f3n de sus contenidos, est\u00e1n protegidos por la normativa de propiedad intelectual e industrial. Queda prohibida su reproducci\u00f3n, distribuci\u00f3n, comunicaci\u00f3n p\u00fablica o transformaci\u00f3n, total o parcial, sin la autorizaci\u00f3n expresa del titular.<\/p>\n\n\n\n<p class=\"has-secondary-color has-text-color has-link-color wp-elements-3501d64b44e6f589064cd0bd93008519\"><strong>Responsabilidad<\/strong><\/p>\n\n\n\n<p>El titular no se hace responsable, en ning\u00fan caso, de los da\u00f1os y perjuicios de cualquier naturaleza que pudieran ocasionarse por errores u omisiones en los contenidos, falta de disponibilidad del sitio web o la transmisi\u00f3n de virus o programas maliciosos en los contenidos, a pesar de haber adoptado todas las medidas tecnol\u00f3gicas necesarias para evitarlo.<\/p>\n\n\n\n<p class=\"has-secondary-color has-text-color has-link-color wp-elements-efeddc500de8d12c1be1c84951128327\"><strong>Enlaces externos<\/strong><\/p>\n\n\n\n<p>En caso de que se incluyan enlaces a otros sitios de Internet, el titular no ejercer\u00e1 ning\u00fan tipo de control sobre dichos sitios y contenidos. En ning\u00fan caso asumir\u00e1 responsabilidad alguna por los contenidos de alg\u00fan enlace perteneciente a un sitio web ajeno.<\/p>\n\n\n\n<p class=\"has-secondary-color has-text-color has-link-color wp-elements-c235533f4c0c56e14aca4d194847b180\"><strong>Modificaciones del presente aviso legal<\/strong><\/p>\n\n\n\n<p class=\"has-text-align-left\">El titular se reserva el derecho de efectuar sin previo aviso las modificaciones que considere oportunas en el sitio web, pudiendo cambiar, suprimir o a\u00f1adir tanto los contenidos y servicios que se presten como la forma en la que estos aparezcan presentados o localizados.<\/p>\n\n\n\n<p class=\"has-secondary-color has-text-color has-link-color wp-elements-19c4a7df078f4b8f3228506f575cb3a5\"><strong>Legislaci\u00f3n aplicable y jurisdicci\u00f3n<\/strong><\/p>\n\n\n\n<p>La relaci\u00f3n entre el titular y el usuario se regir\u00e1 por la normativa espa\u00f1ola vigente. Cualquier controversia se someter\u00e1 a los juzgados y tribunales del domicilio del titular, salvo que la legislaci\u00f3n aplicable disponga otra cosa.<\/p>\n<\/div>\n","protected":false},"excerpt":{"rendered":"<p>Titularidad de la Web En cumplimiento con el deber de informaci\u00f3n recogido en el art\u00edculo 10 de la Ley 34\/2002, [&hellip;]<\/p>\n","protected":false},"author":1,"featured_media":0,"parent":0,"menu_order":0,"comment_status":"closed","ping_status":"closed","template":"","meta":{"site-sidebar-layout":"default","site-content-layout":"","ast-site-content-layout":"default","site-content-style":"default","site-sidebar-style":"default","ast-global-header-display":"","ast-banner-title-visibility":"","ast-main-header-display":"","ast-hfb-above-header-display":"","ast-hfb-below-header-display":"","ast-hfb-mobile-header-display":"","site-post-title":"","ast-breadcrumbs-content":"","ast-featured-img":"","footer-sml-layout":"","ast-disable-related-posts":"","theme-transparent-header-meta":"","adv-header-id-meta":"","stick-header-meta":"","header-above-stick-meta":"","header-main-stick-meta":"","header-below-stick-meta":"","astra-migrate-meta-layouts":"default","ast-page-background-enabled":"default","ast-page-background-meta":{"desktop":{"background-color":"var(--ast-global-color-5)","background-image":"","background-repeat":"repeat","background-position":"center center","background-size":"auto","background-attachment":"scroll","background-type":"","background-media":"","overlay-type":"","overlay-color":"","overlay-opacity":"","overlay-gradient":""},"tablet":{"background-color":"","background-image":"","background-repeat":"repeat","background-position":"center center","background-size":"auto","background-attachment":"scroll","background-type":"","background-media":"","overlay-type":"","overlay-color":"","overlay-opacity":"","overlay-gradient":""},"mobile":{"background-color":"","background-image":"","background-repeat":"repeat","background-position":"center center","background-size":"auto","background-attachment":"scroll","background-type":"","background-media":"","overlay-type":"","overlay-color":"","overlay-opacity":"","overlay-gradient":""}},"ast-content-background-meta":{"desktop":{"background-color":"var(--ast-global-color-4)","background-image":"","background-repeat":"repeat","background-position":"center center","background-size":"auto","background-attachment":"scroll","background-type":"","background-media":"","overlay-type":"","overlay-color":"","overlay-opacity":"","overlay-gradient":""},"tablet":{"background-color":"var(--ast-global-color-4)","background-image":"","background-repeat":"repeat","background-position":"center center","background-size":"auto","background-attachment":"scroll","background-type":"","background-media":"","overlay-type":"","overlay-color":"","overlay-opacity":"","overlay-gradient":""},"mobile":{"background-color":"var(--ast-global-color-4)","background-image":"","background-repeat":"repeat","background-position":"center center","background-size":"auto","background-attachment":"scroll","background-type":"","background-media":"","overlay-type":"","overlay-color":"","overlay-opacity":"","overlay-gradient":""}},"footnotes":""},"class_list":["post-148","page","type-page","status-publish","hentry"],"_links":{"self":[{"href":"https:\/\/ibericoscaozo.com\/index.php\/wp-json\/wp\/v2\/pages\/148","targetHints":{"allow":["GET"]}}],"collection":[{"href":"https:\/\/ibericoscaozo.com\/index.php\/wp-json\/wp\/v2\/pages"}],"about":[{"href":"https:\/\/ibericoscaozo.com\/index.php\/wp-json\/wp\/v2\/types\/page"}],"author":[{"embeddable":true,"href":"https:\/\/ibericoscaozo.com\/index.php\/wp-json\/wp\/v2\/users\/1"}],"replies":[{"embeddable":true,"href":"https:\/\/ibericoscaozo.com\/index.php\/wp-json\/wp\/v2\/comments?post=148"}],"version-history":[{"count":3,"href":"https:\/\/ibericoscaozo.com\/index.php\/wp-json\/wp\/v2\/pages\/148\/revisions"}],"predecessor-version":[{"id":160,"href":"https:\/\/ibericoscaozo.com\/index.php\/wp-json\/wp\/v2\/pages\/148\/revisions\/160"}],"wp:attachment":[{"href":"https:\/\/ibericoscaozo.com\/index.php\/wp-json\/wp\/v2\/media?parent=148"}],"curies":[{"name":"wp","href":"https:\/\/api.w.org\/{rel}","templated":true}]}}